{"id":2,"date":"2018-06-22T12:17:22","date_gmt":"2018-06-22T10:17:22","guid":{"rendered":"http:\/\/securitepartners.fr\/?page_id=2"},"modified":"2018-10-05T10:40:42","modified_gmt":"2018-10-05T08:40:42","slug":"page-d-exemple","status":"publish","type":"page","link":"https:\/\/securitepartners.fr\/","title":{"rendered":"Accueil"},"content":{"rendered":"<h2 class=\"text-center title\" style=\"text-align: center\"><span style=\"color: #3366ff\">Calendrier 2018<\/span><\/h2>\n<p class=\"text-center\" style=\"text-align: center\">Active Formation S\u00e9curit\u00e9 Partners se r\u00e9serve le droit de modifier ce calendrier.<\/p>\n<h3 class=\"buttons text-center\" style=\"text-align: center\"><a href=\"http:\/\/securitepartners.fr\/wp-content\/uploads\/2018\/06\/Calendrier-Rouen-Evreux.pdf\"><strong>T\u00c9L\u00c9CHARGER LE CALENDRIER EN PDF<\/strong><\/a><\/h3>\n","protected":false},"excerpt":{"rendered":"<p>Calendrier 2018 Active Formation S\u00e9curit\u00e9 Partners se r\u00e9serve le droit de modifier ce calendrier. T\u00c9L\u00c9CHARGER LE CALENDRIER EN PDF<\/p>\n","protected":false},"author":1,"featured_media":0,"parent":0,"menu_order":0,"comment_status":"closed","ping_status":"open","template":"","meta":[],"_links":{"self":[{"href":"https:\/\/securitepartners.fr\/index.php\/wp-json\/wp\/v2\/pages\/2"}],"collection":[{"href":"https:\/\/securitepartners.fr\/index.php\/wp-json\/wp\/v2\/pages"}],"about":[{"href":"https:\/\/securitepartners.fr\/index.php\/wp-json\/wp\/v2\/types\/page"}],"author":[{"embeddable":true,"href":"https:\/\/securitepartners.fr\/index.php\/wp-json\/wp\/v2\/users\/1"}],"replies":[{"embeddable":true,"href":"https:\/\/securitepartners.fr\/index.php\/wp-json\/wp\/v2\/comments?post=2"}],"version-history":[{"count":7,"href":"https:\/\/securitepartners.fr\/index.php\/wp-json\/wp\/v2\/pages\/2\/revisions"}],"predecessor-version":[{"id":89,"href":"https:\/\/securitepartners.fr\/index.php\/wp-json\/wp\/v2\/pages\/2\/revisions\/89"}],"wp:attachment":[{"href":"https:\/\/securitepartners.fr\/index.php\/wp-json\/wp\/v2\/media?parent=2"}],"curies":[{"name":"wp","href":"https:\/\/api.w.org\/{rel}","templated":true}]}}